{"id":4,"date":"2023-02-09T16:28:43","date_gmt":"2023-02-09T16:28:43","guid":{"rendered":"http:\/\/feuerwehr-mupperg.de\/willkommen-auf-http-feuerwehr-mupperg-de\/"},"modified":"2023-04-08T12:10:55","modified_gmt":"2023-04-08T12:10:55","slug":"willkommen-auf-http-feuerwehr-mupperg-de","status":"publish","type":"page","link":"https:\/\/feuerwehr-mupperg.de\/","title":{"rendered":"Willkommen auf feuerwehr-mupperg.de"},"content":{"rendered":"\n<p><strong>Hallo beim Feuerwehrverein Mupperg e.V.<\/strong><\/p>\n\n\n\n<p>Wir begr\u00fc\u00dfen Sie herzlich auf der Webseite des Feuerwehrverein Mupperg e.V., der Verein mit Tradition und Engagement. Wir stehen f\u00fcr Kameradschaft, Zusammenhalt und Hilfsbereitschaft. Nur einige der Aspekte die das Leben auf dem Dorf lebenswert machen.<\/p>\n\n\n\n<p>Unsere Hompage stellt ihnen alle Informationen rund um den Verein und seiner Aktivit\u00e4ten zur Verf\u00fcgung. Selbstverst\u00e4ndlich werden wir mit Motivation und Ausdauer an dieser Internetseite weiterarbeiten um unseren Besuchern einen seri\u00f6sen und informativen Webauftritt pr\u00e4sentieren zu k\u00f6nnen . <\/p>\n\n\n\n<p class=\"has-white-color has-text-color\">.<\/p>\n\n\n\n<p>Hier k\u00f6nnen Sie folgende Themen abrufen:<\/p>\n\n\n\n<p><\/p>\n\n\n\n<p>\u2022 Allgemeine Info&#8217;s zum Verein<\/p>\n\n\n\n<p>\u2022 Wissenswertes zur Geschichte und unseren Wurzeln<\/p>\n\n\n\n<p>\u2022 Aktuelle Veranstaltungshinweise und Termine<\/p>\n\n\n\n<p>\u2022 Berichte \u00fcber die Aktivit\u00e4ten der einzelnen Abteilungen des Vereins<\/p>\n\n\n\n<p>\u2022 Kontaktformular<\/p>\n\n\n\n<p>\u2022 E-Mailadresse und Telefonnummer<\/p>\n\n\n\n<p>\u2022 Downloads<\/p>\n\n\n\n<p class=\"has-white-color has-text-color\">.<\/p>\n\n\n\n<p>Wir freuen uns auf Ihren Besuch und hoffen ihnen einen angenehmen und jederzeit aktuellen Internetauftritt bieten zu k\u00f6nnen.<\/p>\n\n\n\n<p class=\"has-white-color has-text-color\">.<\/p>\n\n\n<div class=\"wp-block-image is-style-default\">\n<figure class=\"aligncenter size-full is-resized\"><img decoding=\"async\" src=\"http:\/\/feuerwehr-mupperg.de\/wp-content\/uploads\/2023\/02\/logo_web_2b.jpg\" alt=\"\" class=\"wp-image-929\" width=\"179\" height=\"179\" srcset=\"https:\/\/feuerwehr-mupperg.de\/wp-content\/uploads\/2023\/02\/logo_web_2b.jpg 358w, https:\/\/feuerwehr-mupperg.de\/wp-content\/uploads\/2023\/02\/logo_web_2b-300x300.jpg 300w, https:\/\/feuerwehr-mupperg.de\/wp-content\/uploads\/2023\/02\/logo_web_2b-150x150.jpg 150w\" sizes=\"(max-width: 179px) 100vw, 179px\" \/><\/figure><\/div>\n\n\n<p class=\"has-text-align-center\">Feuerwehrverein Mupperg e.V.<\/p>\n","protected":false},"excerpt":{"rendered":"<p>Hallo beim Feuerwehrverein Mupperg e.V. Wir begr\u00fc\u00dfen Sie herzlich auf der Webseite des Feuerwehrverein Mupperg e.V., der Verein mit Tradition und Engagement. Wir stehen f\u00fcr Kameradschaft, Zusammenhalt und Hilfsbereitschaft. Nur [&hellip;]<\/p>\n","protected":false},"author":1,"featured_media":0,"parent":0,"menu_order":0,"comment_status":"closed","ping_status":"open","template":"","meta":{"footnotes":""},"yoast_head":"<!-- This site is optimized with the Yoast SEO plugin v23.5 - https:\/\/yoast.com\/wordpress\/plugins\/seo\/ -->\n<title>Willkommen auf feuerwehr-mupperg.de -<\/title>\n<meta name=\"robots\" content=\"index, follow, max-snippet:-1, max-image-preview:large, max-video-preview:-1\" \/>\n<link rel=\"canonical\" href=\"https:\/\/feuerwehr-mupperg.de\/\" \/>\n<meta property=\"og:locale\" content=\"de_DE\" \/>\n<meta property=\"og:type\" content=\"article\" \/>\n<meta property=\"og:title\" content=\"Willkommen auf feuerwehr-mupperg.de -\" \/>\n<meta property=\"og:description\" content=\"Hallo beim Feuerwehrverein Mupperg e.V. Wir begr\u00fc\u00dfen Sie herzlich auf der Webseite des Feuerwehrverein Mupperg e.V., der Verein mit Tradition und Engagement. Wir stehen f\u00fcr Kameradschaft, Zusammenhalt und Hilfsbereitschaft. Nur [&hellip;]\" \/>\n<meta property=\"og:url\" content=\"https:\/\/feuerwehr-mupperg.de\/\" \/>\n<meta property=\"article:publisher\" content=\"https:\/\/www.facebook.com\/FFwMupperg\/?locale=de_DE\" \/>\n<meta property=\"article:modified_time\" content=\"2023-04-08T12:10:55+00:00\" \/>\n<meta property=\"og:image\" content=\"http:\/\/feuerwehr-mupperg.de\/wp-content\/uploads\/2023\/02\/logo_web_2b.jpg\" \/>\n<meta name=\"twitter:card\" content=\"summary_large_image\" \/>\n<meta name=\"twitter:label1\" content=\"Gesch\u00e4tzte Lesezeit\" \/>\n\t<meta name=\"twitter:data1\" content=\"1 Minute\" \/>\n<script type=\"application\/ld+json\" class=\"yoast-schema-graph\">{\"@context\":\"https:\/\/schema.org\",\"@graph\":[{\"@type\":\"WebPage\",\"@id\":\"https:\/\/feuerwehr-mupperg.de\/\",\"url\":\"https:\/\/feuerwehr-mupperg.de\/\",\"name\":\"Willkommen auf feuerwehr-mupperg.de -\",\"isPartOf\":{\"@id\":\"https:\/\/feuerwehr-mupperg.de\/#website\"},\"primaryImageOfPage\":{\"@id\":\"https:\/\/feuerwehr-mupperg.de\/#primaryimage\"},\"image\":{\"@id\":\"https:\/\/feuerwehr-mupperg.de\/#primaryimage\"},\"thumbnailUrl\":\"http:\/\/feuerwehr-mupperg.de\/wp-content\/uploads\/2023\/02\/logo_web_2b.jpg\",\"datePublished\":\"2023-02-09T16:28:43+00:00\",\"dateModified\":\"2023-04-08T12:10:55+00:00\",\"breadcrumb\":{\"@id\":\"https:\/\/feuerwehr-mupperg.de\/#breadcrumb\"},\"inLanguage\":\"de-DE\",\"potentialAction\":[{\"@type\":\"ReadAction\",\"target\":[\"https:\/\/feuerwehr-mupperg.de\/\"]}]},{\"@type\":\"ImageObject\",\"inLanguage\":\"de-DE\",\"@id\":\"https:\/\/feuerwehr-mupperg.de\/#primaryimage\",\"url\":\"http:\/\/feuerwehr-mupperg.de\/wp-content\/uploads\/2023\/02\/logo_web_2b.jpg\",\"contentUrl\":\"http:\/\/feuerwehr-mupperg.de\/wp-content\/uploads\/2023\/02\/logo_web_2b.jpg\"},{\"@type\":\"BreadcrumbList\",\"@id\":\"https:\/\/feuerwehr-mupperg.de\/#breadcrumb\",\"itemListElement\":[{\"@type\":\"ListItem\",\"position\":1,\"name\":\"Startseite\",\"item\":\"https:\/\/feuerwehr-mupperg.de\/\"},{\"@type\":\"ListItem\",\"position\":2,\"name\":\"Willkommen auf feuerwehr-mupperg.de\"}]},{\"@type\":\"WebSite\",\"@id\":\"https:\/\/feuerwehr-mupperg.de\/#website\",\"url\":\"https:\/\/feuerwehr-mupperg.de\/\",\"name\":\"feuerwehr-mupperg.de\",\"description\":\"\",\"publisher\":{\"@id\":\"https:\/\/feuerwehr-mupperg.de\/#organization\"},\"potentialAction\":[{\"@type\":\"SearchAction\",\"target\":{\"@type\":\"EntryPoint\",\"urlTemplate\":\"https:\/\/feuerwehr-mupperg.de\/?s={search_term_string}\"},\"query-input\":{\"@type\":\"PropertyValueSpecification\",\"valueRequired\":true,\"valueName\":\"search_term_string\"}}],\"inLanguage\":\"de-DE\"},{\"@type\":\"Organization\",\"@id\":\"https:\/\/feuerwehr-mupperg.de\/#organization\",\"name\":\"Feuerwehrverein Mupperg e.V.\",\"url\":\"https:\/\/feuerwehr-mupperg.de\/\",\"logo\":{\"@type\":\"ImageObject\",\"inLanguage\":\"de-DE\",\"@id\":\"https:\/\/feuerwehr-mupperg.de\/#\/schema\/logo\/image\/\",\"url\":\"https:\/\/feuerwehr-mupperg.de\/wp-content\/uploads\/2023\/02\/cropped-cropped-logo_web_b-1.jpg\",\"contentUrl\":\"https:\/\/feuerwehr-mupperg.de\/wp-content\/uploads\/2023\/02\/cropped-cropped-logo_web_b-1.jpg\",\"width\":300,\"height\":421,\"caption\":\"Feuerwehrverein Mupperg e.V.\"},\"image\":{\"@id\":\"https:\/\/feuerwehr-mupperg.de\/#\/schema\/logo\/image\/\"},\"sameAs\":[\"https:\/\/www.facebook.com\/FFwMupperg\/?locale=de_DE\"]}]}<\/script>\n<!-- \/ Yoast SEO plugin. -->","yoast_head_json":{"title":"Willkommen auf feuerwehr-mupperg.de -","robots":{"index":"index","follow":"follow","max-snippet":"max-snippet:-1","max-image-preview":"max-image-preview:large","max-video-preview":"max-video-preview:-1"},"canonical":"https:\/\/feuerwehr-mupperg.de\/","og_locale":"de_DE","og_type":"article","og_title":"Willkommen auf feuerwehr-mupperg.de -","og_description":"Hallo beim Feuerwehrverein Mupperg e.V. Wir begr\u00fc\u00dfen Sie herzlich auf der Webseite des Feuerwehrverein Mupperg e.V., der Verein mit Tradition und Engagement. Wir stehen f\u00fcr Kameradschaft, Zusammenhalt und Hilfsbereitschaft. Nur [&hellip;]","og_url":"https:\/\/feuerwehr-mupperg.de\/","article_publisher":"https:\/\/www.facebook.com\/FFwMupperg\/?locale=de_DE","article_modified_time":"2023-04-08T12:10:55+00:00","og_image":[{"url":"http:\/\/feuerwehr-mupperg.de\/wp-content\/uploads\/2023\/02\/logo_web_2b.jpg"}],"twitter_card":"summary_large_image","twitter_misc":{"Gesch\u00e4tzte Lesezeit":"1 Minute"},"schema":{"@context":"https:\/\/schema.org","@graph":[{"@type":"WebPage","@id":"https:\/\/feuerwehr-mupperg.de\/","url":"https:\/\/feuerwehr-mupperg.de\/","name":"Willkommen auf feuerwehr-mupperg.de -","isPartOf":{"@id":"https:\/\/feuerwehr-mupperg.de\/#website"},"primaryImageOfPage":{"@id":"https:\/\/feuerwehr-mupperg.de\/#primaryimage"},"image":{"@id":"https:\/\/feuerwehr-mupperg.de\/#primaryimage"},"thumbnailUrl":"http:\/\/feuerwehr-mupperg.de\/wp-content\/uploads\/2023\/02\/logo_web_2b.jpg","datePublished":"2023-02-09T16:28:43+00:00","dateModified":"2023-04-08T12:10:55+00:00","breadcrumb":{"@id":"https:\/\/feuerwehr-mupperg.de\/#breadcrumb"},"inLanguage":"de-DE","potentialAction":[{"@type":"ReadAction","target":["https:\/\/feuerwehr-mupperg.de\/"]}]},{"@type":"ImageObject","inLanguage":"de-DE","@id":"https:\/\/feuerwehr-mupperg.de\/#primaryimage","url":"http:\/\/feuerwehr-mupperg.de\/wp-content\/uploads\/2023\/02\/logo_web_2b.jpg","contentUrl":"http:\/\/feuerwehr-mupperg.de\/wp-content\/uploads\/2023\/02\/logo_web_2b.jpg"},{"@type":"BreadcrumbList","@id":"https:\/\/feuerwehr-mupperg.de\/#breadcrumb","itemListElement":[{"@type":"ListItem","position":1,"name":"Startseite","item":"https:\/\/feuerwehr-mupperg.de\/"},{"@type":"ListItem","position":2,"name":"Willkommen auf feuerwehr-mupperg.de"}]},{"@type":"WebSite","@id":"https:\/\/feuerwehr-mupperg.de\/#website","url":"https:\/\/feuerwehr-mupperg.de\/","name":"feuerwehr-mupperg.de","description":"","publisher":{"@id":"https:\/\/feuerwehr-mupperg.de\/#organization"},"potentialAction":[{"@type":"SearchAction","target":{"@type":"EntryPoint","urlTemplate":"https:\/\/feuerwehr-mupperg.de\/?s={search_term_string}"},"query-input":{"@type":"PropertyValueSpecification","valueRequired":true,"valueName":"search_term_string"}}],"inLanguage":"de-DE"},{"@type":"Organization","@id":"https:\/\/feuerwehr-mupperg.de\/#organization","name":"Feuerwehrverein Mupperg e.V.","url":"https:\/\/feuerwehr-mupperg.de\/","logo":{"@type":"ImageObject","inLanguage":"de-DE","@id":"https:\/\/feuerwehr-mupperg.de\/#\/schema\/logo\/image\/","url":"https:\/\/feuerwehr-mupperg.de\/wp-content\/uploads\/2023\/02\/cropped-cropped-logo_web_b-1.jpg","contentUrl":"https:\/\/feuerwehr-mupperg.de\/wp-content\/uploads\/2023\/02\/cropped-cropped-logo_web_b-1.jpg","width":300,"height":421,"caption":"Feuerwehrverein Mupperg e.V."},"image":{"@id":"https:\/\/feuerwehr-mupperg.de\/#\/schema\/logo\/image\/"},"sameAs":["https:\/\/www.facebook.com\/FFwMupperg\/?locale=de_DE"]}]}},"_links":{"self":[{"href":"https:\/\/feuerwehr-mupperg.de\/index.php?rest_route=\/wp\/v2\/pages\/4"}],"collection":[{"href":"https:\/\/feuerwehr-mupperg.de\/index.php?rest_route=\/wp\/v2\/pages"}],"about":[{"href":"https:\/\/feuerwehr-mupperg.de\/index.php?rest_route=\/wp\/v2\/types\/page"}],"author":[{"embeddable":true,"href":"https:\/\/feuerwehr-mupperg.de\/index.php?rest_route=\/wp\/v2\/users\/1"}],"replies":[{"embeddable":true,"href":"https:\/\/feuerwehr-mupperg.de\/index.php?rest_route=%2Fwp%2Fv2%2Fcomments&post=4"}],"version-history":[{"count":34,"href":"https:\/\/feuerwehr-mupperg.de\/index.php?rest_route=\/wp\/v2\/pages\/4\/revisions"}],"predecessor-version":[{"id":1597,"href":"https:\/\/feuerwehr-mupperg.de\/index.php?rest_route=\/wp\/v2\/pages\/4\/revisions\/1597"}],"wp:attachment":[{"href":"https:\/\/feuerwehr-mupperg.de\/index.php?rest_route=%2Fwp%2Fv2%2Fmedia&parent=4"}],"curies":[{"name":"wp","href":"https:\/\/api.w.org\/{rel}","templated":true}]}}