{"id":84,"date":"2023-02-10T10:02:38","date_gmt":"2023-02-10T10:02:38","guid":{"rendered":"http:\/\/feuerwehr-mupperg.de\/?page_id=84"},"modified":"2023-04-21T15:20:26","modified_gmt":"2023-04-21T15:20:26","slug":"die-aktiven","status":"publish","type":"page","link":"https:\/\/feuerwehr-mupperg.de\/?page_id=84","title":{"rendered":"Die Aktiven"},"content":{"rendered":"\n<p><strong>Die aktive Wehr, f\u00fcr unsere aller Sicherheit<\/strong>.<\/p>\n\n\n\n<p>Die&nbsp;aktive&nbsp;Wehr ist der Hauptzweck des Vereins, sie rettet Leben, hilft in Notlagen und ist 24 Stunden am Tag f\u00fcr unser aller Wohl in Bereitschaft. Sie umfasst derzeit rund 25 Mitglieder und steht seit 2021 unter der Leitung des Wehrf\u00fchrers Philip Heinicke.   <\/p>\n\n\n\n<p>Seit vielen Jahren schon hat sich das Aufgabengebiet der Feuerwehr wesentlich erweitert. Neben der eigentlichen Gew\u00e4hrleistung des Brand- und Katastrophenschutzes mu\u00dfte das gro\u00dfe Gebiet der technischen Hilfeleistungen erlernt und bew\u00e4ltigt werden. Neue Technik hielt in den Feuerwehren Einzug. Um diese effektiv einsetzen zu k\u00f6nnen, ist eine intensive Ausbildung notwendig. Deshalb finden in regelm\u00e4\u00dfigen Abst\u00e4nden im Roten Ochsen Weiterbildungen und Schulungen statt. Dar\u00fcber hinaus besuchen unsere Kameraden diverse Fortbildungen des Kreisausbildungszentrum der Feuerwehren des Landkreises Sonneberg. Die moderne und teuere Technik, die den Feuerwehren zur Verf\u00fcgung gestellt wird, kann nur effektiv eingesetzt werden, wenn sie von allen Feuerwehrangeh\u00f6rigen beherrscht wird.<\/p>\n\n\n\n<p>Die Einsatzbereitschaft und der Idealismus der Kameradinnen und Kameraden der Feuerwehr ist in einer Zeit, in der viele die Erf\u00fcllung der eigenen Bed\u00fcrfnisse f\u00fcr wichtiger halten als die sozialen Werte, keine Selbstverst\u00e4ndlichkeit mehr. Deshalb geb\u00fchrt allen Feuerwehrm\u00e4nnern und -frauen unsere hohe Anerkennung.<\/p>\n\n\n\n<p class=\"has-white-color has-text-color\">.<\/p>\n\n\n\n<p class=\"has-text-align-left\"><strong>Unsere aktuelle Truppe:<\/strong><\/p>\n\n\n\n<div class=\"wp-block-columns is-layout-flex wp-container-core-columns-layout-1 wp-block-columns-is-layout-flex\">\n<div class=\"wp-block-column is-layout-flow wp-block-column-is-layout-flow\" style=\"flex-basis:66.66%\">\n<figure class=\"wp-block-image size-large is-resized\"><a href=\"https:\/\/feuerwehr-mupperg.de\/wp-content\/uploads\/2023\/04\/aktive_neu-1.jpg\" target=\"_blank\" rel=\"noreferrer noopener\"><img fetchpriority=\"high\" decoding=\"async\" src=\"https:\/\/feuerwehr-mupperg.de\/wp-content\/uploads\/2023\/04\/aktive_neu-1-1024x551.jpg\" alt=\"\" class=\"wp-image-1646\" width=\"768\" height=\"413\" srcset=\"https:\/\/feuerwehr-mupperg.de\/wp-content\/uploads\/2023\/04\/aktive_neu-1-1024x551.jpg 1024w, https:\/\/feuerwehr-mupperg.de\/wp-content\/uploads\/2023\/04\/aktive_neu-1-300x161.jpg 300w, https:\/\/feuerwehr-mupperg.de\/wp-content\/uploads\/2023\/04\/aktive_neu-1-768x413.jpg 768w, https:\/\/feuerwehr-mupperg.de\/wp-content\/uploads\/2023\/04\/aktive_neu-1.jpg 1244w\" sizes=\"(max-width: 768px) 100vw, 768px\" \/><\/a><figcaption class=\"wp-element-caption\">Die aktive Wehr<\/figcaption><\/figure>\n<\/div>\n\n\n\n<div class=\"wp-block-column is-layout-flow wp-block-column-is-layout-flow\" style=\"flex-basis:33.33%\">\n<p><strong>alle Wehrf\u00fchrer seit 1939:<\/strong><\/p>\n\n\n\n<ul>\n<li>1939 bis 1946: Karl B\u00e4tz<\/li>\n\n\n\n<li>1946 bis 1947: Ernst K\u00f6hler<\/li>\n\n\n\n<li>1947 bis 1948: Karl Holland<\/li>\n\n\n\n<li>1948 bis 1951: Karl M\u00fcller<\/li>\n\n\n\n<li>1951 bis 1966: Gerhard Roschlau<\/li>\n\n\n\n<li>1966 bis 1966: Albin Br\u00fcckner<\/li>\n\n\n\n<li>1966 bis 1998: Fredy Liebermann<\/li>\n\n\n\n<li>1998 bis 2004: Thomas Engel<\/li>\n\n\n\n<li>2004 bis 2005: Hendrik Holland<\/li>\n\n\n\n<li>2005 bis 2021: Andreas Langbein<\/li>\n\n\n\n<li>seit 2021: Philip Heinicke<\/li>\n<\/ul>\n<\/div>\n<\/div>\n\n\n\n<p class=\"has-white-color has-text-color\"><\/p>\n\n\n\n<p><strong>\u00dcbung macht den (Brand)Meister.<\/strong><\/p>\n\n\n\n<p>Feuerwehr\u00fcbungen sind wichtige Aktivit\u00e4ten, die von Feuerwehren durchgef\u00fchrt werden, um ihre Einsatzbereitschaft zu verbessern und ihre F\u00e4higkeiten zu trainieren. Durch regelm\u00e4\u00dfige \u00dcbungen k\u00f6nnen Feuerwehrleute ihre Reaktionszeiten verbessern, lernen, wie sie effektiver kommunizieren k\u00f6nnen und wie sie in Notsituationen sicher und effektiv handeln k\u00f6nnen.<\/p>\n\n\n\n<p>Bei einer Feuerwehr\u00fcbung kann es verschiedene Szenarien geben, die simuliert werden, wie z.B. ein Brand in einem Geb\u00e4ude, ein Unfall oder ein chemischer Notfall. Die \u00dcbungen k\u00f6nnen sowohl in geschlossenen R\u00e4umen als auch im Freien durchgef\u00fchrt werden. Dabei wird oft mit echtem Feuer und Rauch gearbeitet, um eine m\u00f6glichst realistische Situation zu simulieren.<\/p>\n\n\n\n<p>Es ist wichtig, dass Feuerwehr\u00fcbungen sicher durchgef\u00fchrt werden und dass alle Teilnehmer angemessen gesch\u00fctzt sind. Es sollten immer ausreichend Sicherheitsvorkehrungen getroffen werden, um Verletzungen zu vermeiden.<\/p>\n\n\n\n<p>Insgesamt sind Feuerwehr\u00fcbungen eine wichtige Aktivit\u00e4t, die dazu beitragen kann, dass Feuerwehrleute in Notfallsituationen effektiv handeln und Menschenleben retten k\u00f6nnen.<\/p>\n\n\n\n<p> <\/p>\n\n\n\n<p class=\"has-white-color has-text-color\"><\/p>\n\n\n\n<div class=\"wp-block-columns is-layout-flex wp-container-core-columns-layout-2 wp-block-columns-is-layout-flex\">\n<div class=\"wp-block-column is-layout-flow wp-block-column-is-layout-flow\">\n<figure class=\"wp-block-image size-large\"><a href=\"https:\/\/feuerwehr-mupperg.de\/wp-content\/uploads\/2023\/04\/aktive_3.jpg\" target=\"_blank\" rel=\"noreferrer noopener\"><img decoding=\"async\" width=\"1024\" height=\"769\" src=\"https:\/\/feuerwehr-mupperg.de\/wp-content\/uploads\/2023\/04\/aktive_3-1024x769.jpg\" alt=\"\" class=\"wp-image-1524\" srcset=\"https:\/\/feuerwehr-mupperg.de\/wp-content\/uploads\/2023\/04\/aktive_3-1024x769.jpg 1024w, https:\/\/feuerwehr-mupperg.de\/wp-content\/uploads\/2023\/04\/aktive_3-300x225.jpg 300w, https:\/\/feuerwehr-mupperg.de\/wp-content\/uploads\/2023\/04\/aktive_3-768x577.jpg 768w, https:\/\/feuerwehr-mupperg.de\/wp-content\/uploads\/2023\/04\/aktive_3.jpg 1278w\" sizes=\"(max-width: 1024px) 100vw, 1024px\" \/><\/a><figcaption class=\"wp-element-caption\">Zuh\u00f6ren..<\/figcaption><\/figure>\n<\/div>\n\n\n\n<div class=\"wp-block-column is-layout-flow wp-block-column-is-layout-flow\">\n<figure class=\"wp-block-image size-large\"><a href=\"https:\/\/feuerwehr-mupperg.de\/wp-content\/uploads\/2023\/04\/aktive_2.jpg\" target=\"_blank\" rel=\"noreferrer noopener\"><img decoding=\"async\" width=\"1024\" height=\"768\" src=\"https:\/\/feuerwehr-mupperg.de\/wp-content\/uploads\/2023\/04\/aktive_2-1024x768.jpg\" alt=\"\" class=\"wp-image-1525\" srcset=\"https:\/\/feuerwehr-mupperg.de\/wp-content\/uploads\/2023\/04\/aktive_2-1024x768.jpg 1024w, https:\/\/feuerwehr-mupperg.de\/wp-content\/uploads\/2023\/04\/aktive_2-300x225.jpg 300w, https:\/\/feuerwehr-mupperg.de\/wp-content\/uploads\/2023\/04\/aktive_2-768x576.jpg 768w, https:\/\/feuerwehr-mupperg.de\/wp-content\/uploads\/2023\/04\/aktive_2.jpg 1300w\" sizes=\"(max-width: 1024px) 100vw, 1024px\" \/><\/a><figcaption class=\"wp-element-caption\">&#8230;umsetzten&#8230;<\/figcaption><\/figure>\n<\/div>\n\n\n\n<div class=\"wp-block-column is-layout-flow wp-block-column-is-layout-flow\">\n<figure class=\"wp-block-image size-large\"><a href=\"https:\/\/feuerwehr-mupperg.de\/wp-content\/uploads\/2023\/04\/aktive_04.jpg\" target=\"_blank\" rel=\"noreferrer noopener\"><img loading=\"lazy\" decoding=\"async\" width=\"1024\" height=\"769\" src=\"https:\/\/feuerwehr-mupperg.de\/wp-content\/uploads\/2023\/04\/aktive_04-1024x769.jpg\" alt=\"\" class=\"wp-image-1536\" srcset=\"https:\/\/feuerwehr-mupperg.de\/wp-content\/uploads\/2023\/04\/aktive_04-1024x769.jpg 1024w, https:\/\/feuerwehr-mupperg.de\/wp-content\/uploads\/2023\/04\/aktive_04-300x225.jpg 300w, https:\/\/feuerwehr-mupperg.de\/wp-content\/uploads\/2023\/04\/aktive_04-768x577.jpg 768w, https:\/\/feuerwehr-mupperg.de\/wp-content\/uploads\/2023\/04\/aktive_04.jpg 1300w\" sizes=\"(max-width: 1024px) 100vw, 1024px\" \/><\/a><figcaption class=\"wp-element-caption\">&#8230;entspannen.<\/figcaption><\/figure>\n<\/div>\n<\/div>\n\n\n\n<p class=\"has-white-color has-text-color\">.<\/p>\n\n\n<div class=\"wp-block-image is-style-default\">\n<figure class=\"aligncenter size-full is-resized\"><img loading=\"lazy\" decoding=\"async\" src=\"http:\/\/feuerwehr-mupperg.de\/wp-content\/uploads\/2023\/02\/logo_web_2b.jpg\" alt=\"\" class=\"wp-image-929\" width=\"179\" height=\"179\" srcset=\"https:\/\/feuerwehr-mupperg.de\/wp-content\/uploads\/2023\/02\/logo_web_2b.jpg 358w, https:\/\/feuerwehr-mupperg.de\/wp-content\/uploads\/2023\/02\/logo_web_2b-300x300.jpg 300w, https:\/\/feuerwehr-mupperg.de\/wp-content\/uploads\/2023\/02\/logo_web_2b-150x150.jpg 150w\" sizes=\"(max-width: 179px) 100vw, 179px\" \/><\/figure><\/div>\n\n\n<p class=\"has-text-align-center\">Feuerwehrverein Mupperg e.V.<\/p>\n","protected":false},"excerpt":{"rendered":"<p>Die aktive Wehr, f\u00fcr unsere aller Sicherheit. Die&nbsp;aktive&nbsp;Wehr ist der Hauptzweck des Vereins, sie rettet Leben, hilft in Notlagen und ist 24 Stunden am Tag f\u00fcr unser aller Wohl in [&hellip;]<\/p>\n","protected":false},"author":1,"featured_media":0,"parent":0,"menu_order":0,"comment_status":"closed","ping_status":"closed","template":"","meta":{"footnotes":""},"yoast_head":"<!-- This site is optimized with the Yoast SEO plugin v23.5 - https:\/\/yoast.com\/wordpress\/plugins\/seo\/ -->\n<title>Die Aktiven -<\/title>\n<meta name=\"robots\" content=\"index, follow, max-snippet:-1, max-image-preview:large, max-video-preview:-1\" \/>\n<link rel=\"canonical\" href=\"https:\/\/feuerwehr-mupperg.de\/?page_id=84\" \/>\n<meta property=\"og:locale\" content=\"de_DE\" \/>\n<meta property=\"og:type\" content=\"article\" \/>\n<meta property=\"og:title\" content=\"Die Aktiven -\" \/>\n<meta property=\"og:description\" content=\"Die aktive Wehr, f\u00fcr unsere aller Sicherheit. Die&nbsp;aktive&nbsp;Wehr ist der Hauptzweck des Vereins, sie rettet Leben, hilft in Notlagen und ist 24 Stunden am Tag f\u00fcr unser aller Wohl in [&hellip;]\" \/>\n<meta property=\"og:url\" content=\"https:\/\/feuerwehr-mupperg.de\/?page_id=84\" \/>\n<meta property=\"article:publisher\" content=\"https:\/\/www.facebook.com\/FFwMupperg\/?locale=de_DE\" \/>\n<meta property=\"article:modified_time\" content=\"2023-04-21T15:20:26+00:00\" \/>\n<meta property=\"og:image\" content=\"https:\/\/feuerwehr-mupperg.de\/wp-content\/uploads\/2023\/04\/aktive_neu-1-1024x551.jpg\" \/>\n<meta name=\"twitter:card\" content=\"summary_large_image\" \/>\n<meta name=\"twitter:label1\" content=\"Gesch\u00e4tzte Lesezeit\" \/>\n\t<meta name=\"twitter:data1\" content=\"4 Minuten\" \/>\n<script type=\"application\/ld+json\" class=\"yoast-schema-graph\">{\"@context\":\"https:\/\/schema.org\",\"@graph\":[{\"@type\":\"WebPage\",\"@id\":\"https:\/\/feuerwehr-mupperg.de\/?page_id=84\",\"url\":\"https:\/\/feuerwehr-mupperg.de\/?page_id=84\",\"name\":\"Die Aktiven -\",\"isPartOf\":{\"@id\":\"https:\/\/feuerwehr-mupperg.de\/#website\"},\"primaryImageOfPage\":{\"@id\":\"https:\/\/feuerwehr-mupperg.de\/?page_id=84#primaryimage\"},\"image\":{\"@id\":\"https:\/\/feuerwehr-mupperg.de\/?page_id=84#primaryimage\"},\"thumbnailUrl\":\"https:\/\/feuerwehr-mupperg.de\/wp-content\/uploads\/2023\/04\/aktive_neu-1-1024x551.jpg\",\"datePublished\":\"2023-02-10T10:02:38+00:00\",\"dateModified\":\"2023-04-21T15:20:26+00:00\",\"breadcrumb\":{\"@id\":\"https:\/\/feuerwehr-mupperg.de\/?page_id=84#breadcrumb\"},\"inLanguage\":\"de-DE\",\"potentialAction\":[{\"@type\":\"ReadAction\",\"target\":[\"https:\/\/feuerwehr-mupperg.de\/?page_id=84\"]}]},{\"@type\":\"ImageObject\",\"inLanguage\":\"de-DE\",\"@id\":\"https:\/\/feuerwehr-mupperg.de\/?page_id=84#primaryimage\",\"url\":\"https:\/\/feuerwehr-mupperg.de\/wp-content\/uploads\/2023\/04\/aktive_neu-1-1024x551.jpg\",\"contentUrl\":\"https:\/\/feuerwehr-mupperg.de\/wp-content\/uploads\/2023\/04\/aktive_neu-1-1024x551.jpg\"},{\"@type\":\"BreadcrumbList\",\"@id\":\"https:\/\/feuerwehr-mupperg.de\/?page_id=84#breadcrumb\",\"itemListElement\":[{\"@type\":\"ListItem\",\"position\":1,\"name\":\"Startseite\",\"item\":\"https:\/\/feuerwehr-mupperg.de\/\"},{\"@type\":\"ListItem\",\"position\":2,\"name\":\"Die Aktiven\"}]},{\"@type\":\"WebSite\",\"@id\":\"https:\/\/feuerwehr-mupperg.de\/#website\",\"url\":\"https:\/\/feuerwehr-mupperg.de\/\",\"name\":\"feuerwehr-mupperg.de\",\"description\":\"\",\"publisher\":{\"@id\":\"https:\/\/feuerwehr-mupperg.de\/#organization\"},\"potentialAction\":[{\"@type\":\"SearchAction\",\"target\":{\"@type\":\"EntryPoint\",\"urlTemplate\":\"https:\/\/feuerwehr-mupperg.de\/?s={search_term_string}\"},\"query-input\":{\"@type\":\"PropertyValueSpecification\",\"valueRequired\":true,\"valueName\":\"search_term_string\"}}],\"inLanguage\":\"de-DE\"},{\"@type\":\"Organization\",\"@id\":\"https:\/\/feuerwehr-mupperg.de\/#organization\",\"name\":\"Feuerwehrverein Mupperg e.V.\",\"url\":\"https:\/\/feuerwehr-mupperg.de\/\",\"logo\":{\"@type\":\"ImageObject\",\"inLanguage\":\"de-DE\",\"@id\":\"https:\/\/feuerwehr-mupperg.de\/#\/schema\/logo\/image\/\",\"url\":\"https:\/\/feuerwehr-mupperg.de\/wp-content\/uploads\/2023\/02\/cropped-cropped-logo_web_b-1.jpg\",\"contentUrl\":\"https:\/\/feuerwehr-mupperg.de\/wp-content\/uploads\/2023\/02\/cropped-cropped-logo_web_b-1.jpg\",\"width\":300,\"height\":421,\"caption\":\"Feuerwehrverein Mupperg e.V.\"},\"image\":{\"@id\":\"https:\/\/feuerwehr-mupperg.de\/#\/schema\/logo\/image\/\"},\"sameAs\":[\"https:\/\/www.facebook.com\/FFwMupperg\/?locale=de_DE\"]}]}<\/script>\n<!-- \/ Yoast SEO plugin. -->","yoast_head_json":{"title":"Die Aktiven -","robots":{"index":"index","follow":"follow","max-snippet":"max-snippet:-1","max-image-preview":"max-image-preview:large","max-video-preview":"max-video-preview:-1"},"canonical":"https:\/\/feuerwehr-mupperg.de\/?page_id=84","og_locale":"de_DE","og_type":"article","og_title":"Die Aktiven -","og_description":"Die aktive Wehr, f\u00fcr unsere aller Sicherheit. Die&nbsp;aktive&nbsp;Wehr ist der Hauptzweck des Vereins, sie rettet Leben, hilft in Notlagen und ist 24 Stunden am Tag f\u00fcr unser aller Wohl in [&hellip;]","og_url":"https:\/\/feuerwehr-mupperg.de\/?page_id=84","article_publisher":"https:\/\/www.facebook.com\/FFwMupperg\/?locale=de_DE","article_modified_time":"2023-04-21T15:20:26+00:00","og_image":[{"url":"https:\/\/feuerwehr-mupperg.de\/wp-content\/uploads\/2023\/04\/aktive_neu-1-1024x551.jpg"}],"twitter_card":"summary_large_image","twitter_misc":{"Gesch\u00e4tzte Lesezeit":"4 Minuten"},"schema":{"@context":"https:\/\/schema.org","@graph":[{"@type":"WebPage","@id":"https:\/\/feuerwehr-mupperg.de\/?page_id=84","url":"https:\/\/feuerwehr-mupperg.de\/?page_id=84","name":"Die Aktiven -","isPartOf":{"@id":"https:\/\/feuerwehr-mupperg.de\/#website"},"primaryImageOfPage":{"@id":"https:\/\/feuerwehr-mupperg.de\/?page_id=84#primaryimage"},"image":{"@id":"https:\/\/feuerwehr-mupperg.de\/?page_id=84#primaryimage"},"thumbnailUrl":"https:\/\/feuerwehr-mupperg.de\/wp-content\/uploads\/2023\/04\/aktive_neu-1-1024x551.jpg","datePublished":"2023-02-10T10:02:38+00:00","dateModified":"2023-04-21T15:20:26+00:00","breadcrumb":{"@id":"https:\/\/feuerwehr-mupperg.de\/?page_id=84#breadcrumb"},"inLanguage":"de-DE","potentialAction":[{"@type":"ReadAction","target":["https:\/\/feuerwehr-mupperg.de\/?page_id=84"]}]},{"@type":"ImageObject","inLanguage":"de-DE","@id":"https:\/\/feuerwehr-mupperg.de\/?page_id=84#primaryimage","url":"https:\/\/feuerwehr-mupperg.de\/wp-content\/uploads\/2023\/04\/aktive_neu-1-1024x551.jpg","contentUrl":"https:\/\/feuerwehr-mupperg.de\/wp-content\/uploads\/2023\/04\/aktive_neu-1-1024x551.jpg"},{"@type":"BreadcrumbList","@id":"https:\/\/feuerwehr-mupperg.de\/?page_id=84#breadcrumb","itemListElement":[{"@type":"ListItem","position":1,"name":"Startseite","item":"https:\/\/feuerwehr-mupperg.de\/"},{"@type":"ListItem","position":2,"name":"Die Aktiven"}]},{"@type":"WebSite","@id":"https:\/\/feuerwehr-mupperg.de\/#website","url":"https:\/\/feuerwehr-mupperg.de\/","name":"feuerwehr-mupperg.de","description":"","publisher":{"@id":"https:\/\/feuerwehr-mupperg.de\/#organization"},"potentialAction":[{"@type":"SearchAction","target":{"@type":"EntryPoint","urlTemplate":"https:\/\/feuerwehr-mupperg.de\/?s={search_term_string}"},"query-input":{"@type":"PropertyValueSpecification","valueRequired":true,"valueName":"search_term_string"}}],"inLanguage":"de-DE"},{"@type":"Organization","@id":"https:\/\/feuerwehr-mupperg.de\/#organization","name":"Feuerwehrverein Mupperg e.V.","url":"https:\/\/feuerwehr-mupperg.de\/","logo":{"@type":"ImageObject","inLanguage":"de-DE","@id":"https:\/\/feuerwehr-mupperg.de\/#\/schema\/logo\/image\/","url":"https:\/\/feuerwehr-mupperg.de\/wp-content\/uploads\/2023\/02\/cropped-cropped-logo_web_b-1.jpg","contentUrl":"https:\/\/feuerwehr-mupperg.de\/wp-content\/uploads\/2023\/02\/cropped-cropped-logo_web_b-1.jpg","width":300,"height":421,"caption":"Feuerwehrverein Mupperg e.V."},"image":{"@id":"https:\/\/feuerwehr-mupperg.de\/#\/schema\/logo\/image\/"},"sameAs":["https:\/\/www.facebook.com\/FFwMupperg\/?locale=de_DE"]}]}},"_links":{"self":[{"href":"https:\/\/feuerwehr-mupperg.de\/index.php?rest_route=\/wp\/v2\/pages\/84"}],"collection":[{"href":"https:\/\/feuerwehr-mupperg.de\/index.php?rest_route=\/wp\/v2\/pages"}],"about":[{"href":"https:\/\/feuerwehr-mupperg.de\/index.php?rest_route=\/wp\/v2\/types\/page"}],"author":[{"embeddable":true,"href":"https:\/\/feuerwehr-mupperg.de\/index.php?rest_route=\/wp\/v2\/users\/1"}],"replies":[{"embeddable":true,"href":"https:\/\/feuerwehr-mupperg.de\/index.php?rest_route=%2Fwp%2Fv2%2Fcomments&post=84"}],"version-history":[{"count":36,"href":"https:\/\/feuerwehr-mupperg.de\/index.php?rest_route=\/wp\/v2\/pages\/84\/revisions"}],"predecessor-version":[{"id":1653,"href":"https:\/\/feuerwehr-mupperg.de\/index.php?rest_route=\/wp\/v2\/pages\/84\/revisions\/1653"}],"wp:attachment":[{"href":"https:\/\/feuerwehr-mupperg.de\/index.php?rest_route=%2Fwp%2Fv2%2Fmedia&parent=84"}],"curies":[{"name":"wp","href":"https:\/\/api.w.org\/{rel}","templated":true}]}}