{"id":87,"date":"2023-02-10T10:03:07","date_gmt":"2023-02-10T10:03:07","guid":{"rendered":"http:\/\/feuerwehr-mupperg.de\/?page_id=87"},"modified":"2023-04-06T12:57:42","modified_gmt":"2023-04-06T12:57:42","slug":"der-nachwuchs","status":"publish","type":"page","link":"https:\/\/feuerwehr-mupperg.de\/?page_id=87","title":{"rendered":"Der Nachwuchs"},"content":{"rendered":"\n<p><strong>Die Jugendfeuerwehr, die Aktiven von morgen.<\/strong><\/p>\n\n\n\n<p>Unsere Jugendfeuerwehr wird betreut von unseren engagierten Jugendwart Michael Oberender und seiner Stellvertreterin Carmen Kretschmer sowie Cornelia Tischer. Die drei sind seit Jahren ein eingespieltes Team das es immer wieder schafft, die Kinder und Jugendlichen mit neuen Ideen bei der Ausbildung Abwechslung, und vor allem Spa\u00df, in die Gruppe einzubringen. Die Ausbildung findet im w\u00f6chentlich wechselnden Turnus (einmal die 6-10-j\u00e4hrige, in der anderen Woche die 10-16-j\u00e4hrigen) jeweils Mittwochs von 17.30 Uhr  bis 18.30 Uhr statt. <\/p>\n\n\n\n<p>F\u00fcr Fragen rund um unsere Jugendfeuerwehr schreiben Sie uns einfach eine <a href=\"mailto:info@feuerwehr-mupperg.de\">Mail<\/a>, oder kommen Sie einfach mit ihren Kind zu einen unsere Ausbildungstage am Mittwoch vorbei. Die tagesaktuellen Termine und Zeiten erfahren Sie unter der Telefonnummer: 0151 41423384 (Michael Oberender, Jugendwart).<\/p>\n\n\n\n<p class=\"has-white-color has-text-color\">.<\/p>\n\n\n\n<p class=\"has-white-color has-text-color\"><\/p>\n\n\n\n<div class=\"wp-block-columns is-layout-flex wp-container-core-columns-layout-1 wp-block-columns-is-layout-flex\">\n<div class=\"wp-block-column is-layout-flow wp-block-column-is-layout-flow\">\n<figure class=\"wp-block-image size-large\"><a href=\"https:\/\/feuerwehr-mupperg.de\/wp-content\/uploads\/2023\/04\/jffw_05.jpg\" target=\"_blank\" rel=\"noreferrer noopener\"><img fetchpriority=\"high\" decoding=\"async\" width=\"1024\" height=\"769\" src=\"http:\/\/feuerwehr-mupperg.de\/wp-content\/uploads\/2023\/04\/jffw_05-1024x769.jpg\" alt=\"\" class=\"wp-image-1410\" srcset=\"https:\/\/feuerwehr-mupperg.de\/wp-content\/uploads\/2023\/04\/jffw_05-1024x769.jpg 1024w, https:\/\/feuerwehr-mupperg.de\/wp-content\/uploads\/2023\/04\/jffw_05-300x225.jpg 300w, https:\/\/feuerwehr-mupperg.de\/wp-content\/uploads\/2023\/04\/jffw_05-768x577.jpg 768w, https:\/\/feuerwehr-mupperg.de\/wp-content\/uploads\/2023\/04\/jffw_05.jpg 1300w\" sizes=\"(max-width: 1024px) 100vw, 1024px\" \/><\/a><figcaption class=\"wp-element-caption\">Umgang mit Werkzeug<\/figcaption><\/figure>\n<\/div>\n\n\n\n<div class=\"wp-block-column is-layout-flow wp-block-column-is-layout-flow\">\n<figure class=\"wp-block-image size-large\"><a href=\"https:\/\/feuerwehr-mupperg.de\/wp-content\/uploads\/2023\/04\/jffw_03.jpg\" target=\"_blank\" rel=\"noreferrer noopener\"><img decoding=\"async\" width=\"1024\" height=\"769\" src=\"http:\/\/feuerwehr-mupperg.de\/wp-content\/uploads\/2023\/04\/jffw_03-1024x769.jpg\" alt=\"\" class=\"wp-image-1407\" srcset=\"https:\/\/feuerwehr-mupperg.de\/wp-content\/uploads\/2023\/04\/jffw_03-1024x769.jpg 1024w, https:\/\/feuerwehr-mupperg.de\/wp-content\/uploads\/2023\/04\/jffw_03-300x225.jpg 300w, https:\/\/feuerwehr-mupperg.de\/wp-content\/uploads\/2023\/04\/jffw_03-768x577.jpg 768w, https:\/\/feuerwehr-mupperg.de\/wp-content\/uploads\/2023\/04\/jffw_03.jpg 1300w\" sizes=\"(max-width: 1024px) 100vw, 1024px\" \/><\/a><figcaption class=\"wp-element-caption\">Schlittenfahren in Neuenbau<\/figcaption><\/figure>\n<\/div>\n\n\n\n<div class=\"wp-block-column is-layout-flow wp-block-column-is-layout-flow\">\n<figure class=\"wp-block-image size-large\"><a href=\"https:\/\/feuerwehr-mupperg.de\/wp-content\/uploads\/2023\/04\/jffw_02.jpg\" target=\"_blank\" rel=\"noreferrer noopener\"><img decoding=\"async\" width=\"1024\" height=\"768\" src=\"http:\/\/feuerwehr-mupperg.de\/wp-content\/uploads\/2023\/04\/jffw_02-1024x768.jpg\" alt=\"\" class=\"wp-image-1406\" srcset=\"https:\/\/feuerwehr-mupperg.de\/wp-content\/uploads\/2023\/04\/jffw_02-1024x768.jpg 1024w, https:\/\/feuerwehr-mupperg.de\/wp-content\/uploads\/2023\/04\/jffw_02-300x225.jpg 300w, https:\/\/feuerwehr-mupperg.de\/wp-content\/uploads\/2023\/04\/jffw_02-768x576.jpg 768w, https:\/\/feuerwehr-mupperg.de\/wp-content\/uploads\/2023\/04\/jffw_02.jpg 1300w\" sizes=\"(max-width: 1024px) 100vw, 1024px\" \/><\/a><figcaption class=\"wp-element-caption\">Wasser marsch!<\/figcaption><\/figure>\n<\/div>\n<\/div>\n\n\n\n<p class=\"has-white-color has-text-color\"><\/p>\n\n\n\n<p>Die Jugendfeuerwehr Mupperg ist der Nachwuchs von heute und die Aktiven von morgen. Die Jugendlichen im Alter von 6 bis 16(18) Jahren bekommen die  M\u00f6glichkeit, sich mit dem Thema Feuerwehr auseinanderzusetzen und ihre F\u00e4higkeiten in diesem Bereich zu verbessern. Die Aufgaben der Jugendfeuerwehr k\u00f6nnen je nach Land und Region variieren, aber im Allgemeinen umfassen sie:<\/p>\n\n\n\n<p><strong>Ausbildung: <\/strong><\/p>\n\n\n\n<p>Die Jugendfeuerwehr bietet ihren Mitgliedern eine fundierte Ausbildung in verschiedenen Bereichen, wie zum Beispiel Feuerwehrtechnik, Erster Hilfe, Brandbek\u00e4mpfung und Rettungseins\u00e4tzen.<\/p>\n\n\n\n<p><strong>Teilnahme an \u00dcbungen und Wettk\u00e4mpfen: <\/strong><\/p>\n\n\n\n<p>Die Jugendfeuerwehrmitglieder nehmen regelm\u00e4\u00dfig an \u00dcbungen und Wettk\u00e4mpfen teil, um ihre F\u00e4higkeiten zu testen und zu verbessern.<\/p>\n\n\n\n<p><strong>\u00d6ffentlichkeitsarbeit: <\/strong><\/p>\n\n\n\n<p>Die Jugendfeuerwehr unterst\u00fctzt die Feuerwehr bei der \u00d6ffentlichkeitsarbeit und hilft bei der Organisation von Veranstaltungen.<\/p>\n\n\n\n<p><strong>Soziales Engagement: <\/strong><\/p>\n\n\n\n<p>Die Jugendfeuerwehr engagiert sich auch in der Gemeinde und nimmt an sozialen Projekten teil, um das Bewusstsein f\u00fcr wichtige Themen wie Umweltschutz, Gesundheit und Sicherheit zu f\u00f6rdern.<\/p>\n\n\n\n<p><strong>Vorbereitung auf den aktiven Feuerwehrdienst:<\/strong> <\/p>\n\n\n\n<p>Die Jugendfeuerwehr bereitet ihre Mitglieder auf den aktiven Feuerwehrdienst vor, indem sie ihnen die notwendigen F\u00e4higkeiten, Kenntnisse und Erfahrungen vermittelt, die sie ben\u00f6tigen, um sp\u00e4ter in die Feuerwehr \u00fcbernommen zu werden.<\/p>\n\n\n\n<p class=\"has-white-color has-text-color\">.<\/p>\n\n\n\n<div class=\"wp-block-columns is-layout-flex wp-container-core-columns-layout-2 wp-block-columns-is-layout-flex\">\n<div class=\"wp-block-column is-layout-flow wp-block-column-is-layout-flow\">\n<figure class=\"wp-block-image size-large\"><a href=\"https:\/\/feuerwehr-mupperg.de\/wp-content\/uploads\/2023\/04\/jffw_01.jpg\" target=\"_blank\" rel=\"noreferrer noopener\"><img loading=\"lazy\" decoding=\"async\" width=\"1024\" height=\"768\" src=\"http:\/\/feuerwehr-mupperg.de\/wp-content\/uploads\/2023\/04\/jffw_01-1024x768.jpg\" alt=\"\" class=\"wp-image-1405\" srcset=\"https:\/\/feuerwehr-mupperg.de\/wp-content\/uploads\/2023\/04\/jffw_01-1024x768.jpg 1024w, https:\/\/feuerwehr-mupperg.de\/wp-content\/uploads\/2023\/04\/jffw_01-300x225.jpg 300w, https:\/\/feuerwehr-mupperg.de\/wp-content\/uploads\/2023\/04\/jffw_01-768x576.jpg 768w, https:\/\/feuerwehr-mupperg.de\/wp-content\/uploads\/2023\/04\/jffw_01.jpg 1300w\" sizes=\"(max-width: 1024px) 100vw, 1024px\" \/><\/a><figcaption class=\"wp-element-caption\">L\u00f6sch\u00fcbung in Mupperg<\/figcaption><\/figure>\n<\/div>\n\n\n\n<div class=\"wp-block-column is-layout-flow wp-block-column-is-layout-flow\">\n<figure class=\"wp-block-image size-large\"><a href=\"https:\/\/feuerwehr-mupperg.de\/wp-content\/uploads\/2023\/04\/jffw_06.jpg\" target=\"_blank\" rel=\"noreferrer noopener\"><img loading=\"lazy\" decoding=\"async\" width=\"1024\" height=\"769\" src=\"http:\/\/feuerwehr-mupperg.de\/wp-content\/uploads\/2023\/04\/jffw_06-1024x769.jpg\" alt=\"\" class=\"wp-image-1423\" srcset=\"https:\/\/feuerwehr-mupperg.de\/wp-content\/uploads\/2023\/04\/jffw_06-1024x769.jpg 1024w, https:\/\/feuerwehr-mupperg.de\/wp-content\/uploads\/2023\/04\/jffw_06-300x225.jpg 300w, https:\/\/feuerwehr-mupperg.de\/wp-content\/uploads\/2023\/04\/jffw_06-768x577.jpg 768w, https:\/\/feuerwehr-mupperg.de\/wp-content\/uploads\/2023\/04\/jffw_06.jpg 1300w\" sizes=\"(max-width: 1024px) 100vw, 1024px\" \/><\/a><figcaption class=\"wp-element-caption\">Wir sind immer vorn dabei<\/figcaption><\/figure>\n<\/div>\n\n\n\n<div class=\"wp-block-column is-layout-flow wp-block-column-is-layout-flow\">\n<figure class=\"wp-block-image size-large\"><a href=\"https:\/\/feuerwehr-mupperg.de\/wp-content\/uploads\/2023\/04\/jffw_04.jpg\" target=\"_blank\" rel=\"noreferrer noopener\"><img loading=\"lazy\" decoding=\"async\" width=\"1024\" height=\"769\" src=\"http:\/\/feuerwehr-mupperg.de\/wp-content\/uploads\/2023\/04\/jffw_04-1024x769.jpg\" alt=\"\" class=\"wp-image-1409\" srcset=\"https:\/\/feuerwehr-mupperg.de\/wp-content\/uploads\/2023\/04\/jffw_04-1024x769.jpg 1024w, https:\/\/feuerwehr-mupperg.de\/wp-content\/uploads\/2023\/04\/jffw_04-300x225.jpg 300w, https:\/\/feuerwehr-mupperg.de\/wp-content\/uploads\/2023\/04\/jffw_04-768x577.jpg 768w, https:\/\/feuerwehr-mupperg.de\/wp-content\/uploads\/2023\/04\/jffw_04.jpg 1300w\" sizes=\"(max-width: 1024px) 100vw, 1024px\" \/><\/a><figcaption class=\"wp-element-caption\">Sommerspa\u00df am Sportplatz<\/figcaption><\/figure>\n<\/div>\n<\/div>\n\n\n\n<p class=\"has-white-color has-text-color\">.<\/p>\n\n\n<div class=\"wp-block-image is-style-default\">\n<figure class=\"aligncenter size-full is-resized\"><img loading=\"lazy\" decoding=\"async\" src=\"http:\/\/feuerwehr-mupperg.de\/wp-content\/uploads\/2023\/02\/logo_web_2b.jpg\" alt=\"\" class=\"wp-image-929\" width=\"179\" height=\"179\" srcset=\"https:\/\/feuerwehr-mupperg.de\/wp-content\/uploads\/2023\/02\/logo_web_2b.jpg 358w, https:\/\/feuerwehr-mupperg.de\/wp-content\/uploads\/2023\/02\/logo_web_2b-300x300.jpg 300w, https:\/\/feuerwehr-mupperg.de\/wp-content\/uploads\/2023\/02\/logo_web_2b-150x150.jpg 150w\" sizes=\"(max-width: 179px) 100vw, 179px\" \/><\/figure><\/div>\n\n\n<p class=\"has-text-align-center\">Feuerwehrverein Mupperg e.V.<\/p>\n","protected":false},"excerpt":{"rendered":"<p>Die Jugendfeuerwehr, die Aktiven von morgen. Unsere Jugendfeuerwehr wird betreut von unseren engagierten Jugendwart Michael Oberender und seiner Stellvertreterin Carmen Kretschmer sowie Cornelia Tischer. Die drei sind seit Jahren ein [&hellip;]<\/p>\n","protected":false},"author":1,"featured_media":0,"parent":0,"menu_order":0,"comment_status":"closed","ping_status":"closed","template":"","meta":{"footnotes":""},"yoast_head":"<!-- This site is optimized with the Yoast SEO plugin v23.5 - https:\/\/yoast.com\/wordpress\/plugins\/seo\/ -->\n<title>Der Nachwuchs -<\/title>\n<meta name=\"robots\" content=\"index, follow, max-snippet:-1, max-image-preview:large, max-video-preview:-1\" \/>\n<link rel=\"canonical\" href=\"https:\/\/feuerwehr-mupperg.de\/?page_id=87\" \/>\n<meta property=\"og:locale\" content=\"de_DE\" \/>\n<meta property=\"og:type\" content=\"article\" \/>\n<meta property=\"og:title\" content=\"Der Nachwuchs -\" \/>\n<meta property=\"og:description\" content=\"Die Jugendfeuerwehr, die Aktiven von morgen. Unsere Jugendfeuerwehr wird betreut von unseren engagierten Jugendwart Michael Oberender und seiner Stellvertreterin Carmen Kretschmer sowie Cornelia Tischer. Die drei sind seit Jahren ein [&hellip;]\" \/>\n<meta property=\"og:url\" content=\"https:\/\/feuerwehr-mupperg.de\/?page_id=87\" \/>\n<meta property=\"article:publisher\" content=\"https:\/\/www.facebook.com\/FFwMupperg\/?locale=de_DE\" \/>\n<meta property=\"article:modified_time\" content=\"2023-04-06T12:57:42+00:00\" \/>\n<meta property=\"og:image\" content=\"http:\/\/feuerwehr-mupperg.de\/wp-content\/uploads\/2023\/04\/jffw_05-1024x769.jpg\" \/>\n<meta name=\"twitter:card\" content=\"summary_large_image\" \/>\n<meta name=\"twitter:label1\" content=\"Gesch\u00e4tzte Lesezeit\" \/>\n\t<meta name=\"twitter:data1\" content=\"4 Minuten\" \/>\n<script type=\"application\/ld+json\" class=\"yoast-schema-graph\">{\"@context\":\"https:\/\/schema.org\",\"@graph\":[{\"@type\":\"WebPage\",\"@id\":\"https:\/\/feuerwehr-mupperg.de\/?page_id=87\",\"url\":\"https:\/\/feuerwehr-mupperg.de\/?page_id=87\",\"name\":\"Der Nachwuchs -\",\"isPartOf\":{\"@id\":\"https:\/\/feuerwehr-mupperg.de\/#website\"},\"primaryImageOfPage\":{\"@id\":\"https:\/\/feuerwehr-mupperg.de\/?page_id=87#primaryimage\"},\"image\":{\"@id\":\"https:\/\/feuerwehr-mupperg.de\/?page_id=87#primaryimage\"},\"thumbnailUrl\":\"http:\/\/feuerwehr-mupperg.de\/wp-content\/uploads\/2023\/04\/jffw_05-1024x769.jpg\",\"datePublished\":\"2023-02-10T10:03:07+00:00\",\"dateModified\":\"2023-04-06T12:57:42+00:00\",\"breadcrumb\":{\"@id\":\"https:\/\/feuerwehr-mupperg.de\/?page_id=87#breadcrumb\"},\"inLanguage\":\"de-DE\",\"potentialAction\":[{\"@type\":\"ReadAction\",\"target\":[\"https:\/\/feuerwehr-mupperg.de\/?page_id=87\"]}]},{\"@type\":\"ImageObject\",\"inLanguage\":\"de-DE\",\"@id\":\"https:\/\/feuerwehr-mupperg.de\/?page_id=87#primaryimage\",\"url\":\"http:\/\/feuerwehr-mupperg.de\/wp-content\/uploads\/2023\/04\/jffw_05-1024x769.jpg\",\"contentUrl\":\"http:\/\/feuerwehr-mupperg.de\/wp-content\/uploads\/2023\/04\/jffw_05-1024x769.jpg\"},{\"@type\":\"BreadcrumbList\",\"@id\":\"https:\/\/feuerwehr-mupperg.de\/?page_id=87#breadcrumb\",\"itemListElement\":[{\"@type\":\"ListItem\",\"position\":1,\"name\":\"Startseite\",\"item\":\"https:\/\/feuerwehr-mupperg.de\/\"},{\"@type\":\"ListItem\",\"position\":2,\"name\":\"Der Nachwuchs\"}]},{\"@type\":\"WebSite\",\"@id\":\"https:\/\/feuerwehr-mupperg.de\/#website\",\"url\":\"https:\/\/feuerwehr-mupperg.de\/\",\"name\":\"feuerwehr-mupperg.de\",\"description\":\"\",\"publisher\":{\"@id\":\"https:\/\/feuerwehr-mupperg.de\/#organization\"},\"potentialAction\":[{\"@type\":\"SearchAction\",\"target\":{\"@type\":\"EntryPoint\",\"urlTemplate\":\"https:\/\/feuerwehr-mupperg.de\/?s={search_term_string}\"},\"query-input\":{\"@type\":\"PropertyValueSpecification\",\"valueRequired\":true,\"valueName\":\"search_term_string\"}}],\"inLanguage\":\"de-DE\"},{\"@type\":\"Organization\",\"@id\":\"https:\/\/feuerwehr-mupperg.de\/#organization\",\"name\":\"Feuerwehrverein Mupperg e.V.\",\"url\":\"https:\/\/feuerwehr-mupperg.de\/\",\"logo\":{\"@type\":\"ImageObject\",\"inLanguage\":\"de-DE\",\"@id\":\"https:\/\/feuerwehr-mupperg.de\/#\/schema\/logo\/image\/\",\"url\":\"https:\/\/feuerwehr-mupperg.de\/wp-content\/uploads\/2023\/02\/cropped-cropped-logo_web_b-1.jpg\",\"contentUrl\":\"https:\/\/feuerwehr-mupperg.de\/wp-content\/uploads\/2023\/02\/cropped-cropped-logo_web_b-1.jpg\",\"width\":300,\"height\":421,\"caption\":\"Feuerwehrverein Mupperg e.V.\"},\"image\":{\"@id\":\"https:\/\/feuerwehr-mupperg.de\/#\/schema\/logo\/image\/\"},\"sameAs\":[\"https:\/\/www.facebook.com\/FFwMupperg\/?locale=de_DE\"]}]}<\/script>\n<!-- \/ Yoast SEO plugin. -->","yoast_head_json":{"title":"Der Nachwuchs -","robots":{"index":"index","follow":"follow","max-snippet":"max-snippet:-1","max-image-preview":"max-image-preview:large","max-video-preview":"max-video-preview:-1"},"canonical":"https:\/\/feuerwehr-mupperg.de\/?page_id=87","og_locale":"de_DE","og_type":"article","og_title":"Der Nachwuchs -","og_description":"Die Jugendfeuerwehr, die Aktiven von morgen. Unsere Jugendfeuerwehr wird betreut von unseren engagierten Jugendwart Michael Oberender und seiner Stellvertreterin Carmen Kretschmer sowie Cornelia Tischer. Die drei sind seit Jahren ein [&hellip;]","og_url":"https:\/\/feuerwehr-mupperg.de\/?page_id=87","article_publisher":"https:\/\/www.facebook.com\/FFwMupperg\/?locale=de_DE","article_modified_time":"2023-04-06T12:57:42+00:00","og_image":[{"url":"http:\/\/feuerwehr-mupperg.de\/wp-content\/uploads\/2023\/04\/jffw_05-1024x769.jpg"}],"twitter_card":"summary_large_image","twitter_misc":{"Gesch\u00e4tzte Lesezeit":"4 Minuten"},"schema":{"@context":"https:\/\/schema.org","@graph":[{"@type":"WebPage","@id":"https:\/\/feuerwehr-mupperg.de\/?page_id=87","url":"https:\/\/feuerwehr-mupperg.de\/?page_id=87","name":"Der Nachwuchs -","isPartOf":{"@id":"https:\/\/feuerwehr-mupperg.de\/#website"},"primaryImageOfPage":{"@id":"https:\/\/feuerwehr-mupperg.de\/?page_id=87#primaryimage"},"image":{"@id":"https:\/\/feuerwehr-mupperg.de\/?page_id=87#primaryimage"},"thumbnailUrl":"http:\/\/feuerwehr-mupperg.de\/wp-content\/uploads\/2023\/04\/jffw_05-1024x769.jpg","datePublished":"2023-02-10T10:03:07+00:00","dateModified":"2023-04-06T12:57:42+00:00","breadcrumb":{"@id":"https:\/\/feuerwehr-mupperg.de\/?page_id=87#breadcrumb"},"inLanguage":"de-DE","potentialAction":[{"@type":"ReadAction","target":["https:\/\/feuerwehr-mupperg.de\/?page_id=87"]}]},{"@type":"ImageObject","inLanguage":"de-DE","@id":"https:\/\/feuerwehr-mupperg.de\/?page_id=87#primaryimage","url":"http:\/\/feuerwehr-mupperg.de\/wp-content\/uploads\/2023\/04\/jffw_05-1024x769.jpg","contentUrl":"http:\/\/feuerwehr-mupperg.de\/wp-content\/uploads\/2023\/04\/jffw_05-1024x769.jpg"},{"@type":"BreadcrumbList","@id":"https:\/\/feuerwehr-mupperg.de\/?page_id=87#breadcrumb","itemListElement":[{"@type":"ListItem","position":1,"name":"Startseite","item":"https:\/\/feuerwehr-mupperg.de\/"},{"@type":"ListItem","position":2,"name":"Der Nachwuchs"}]},{"@type":"WebSite","@id":"https:\/\/feuerwehr-mupperg.de\/#website","url":"https:\/\/feuerwehr-mupperg.de\/","name":"feuerwehr-mupperg.de","description":"","publisher":{"@id":"https:\/\/feuerwehr-mupperg.de\/#organization"},"potentialAction":[{"@type":"SearchAction","target":{"@type":"EntryPoint","urlTemplate":"https:\/\/feuerwehr-mupperg.de\/?s={search_term_string}"},"query-input":{"@type":"PropertyValueSpecification","valueRequired":true,"valueName":"search_term_string"}}],"inLanguage":"de-DE"},{"@type":"Organization","@id":"https:\/\/feuerwehr-mupperg.de\/#organization","name":"Feuerwehrverein Mupperg e.V.","url":"https:\/\/feuerwehr-mupperg.de\/","logo":{"@type":"ImageObject","inLanguage":"de-DE","@id":"https:\/\/feuerwehr-mupperg.de\/#\/schema\/logo\/image\/","url":"https:\/\/feuerwehr-mupperg.de\/wp-content\/uploads\/2023\/02\/cropped-cropped-logo_web_b-1.jpg","contentUrl":"https:\/\/feuerwehr-mupperg.de\/wp-content\/uploads\/2023\/02\/cropped-cropped-logo_web_b-1.jpg","width":300,"height":421,"caption":"Feuerwehrverein Mupperg e.V."},"image":{"@id":"https:\/\/feuerwehr-mupperg.de\/#\/schema\/logo\/image\/"},"sameAs":["https:\/\/www.facebook.com\/FFwMupperg\/?locale=de_DE"]}]}},"_links":{"self":[{"href":"https:\/\/feuerwehr-mupperg.de\/index.php?rest_route=\/wp\/v2\/pages\/87"}],"collection":[{"href":"https:\/\/feuerwehr-mupperg.de\/index.php?rest_route=\/wp\/v2\/pages"}],"about":[{"href":"https:\/\/feuerwehr-mupperg.de\/index.php?rest_route=\/wp\/v2\/types\/page"}],"author":[{"embeddable":true,"href":"https:\/\/feuerwehr-mupperg.de\/index.php?rest_route=\/wp\/v2\/users\/1"}],"replies":[{"embeddable":true,"href":"https:\/\/feuerwehr-mupperg.de\/index.php?rest_route=%2Fwp%2Fv2%2Fcomments&post=87"}],"version-history":[{"count":37,"href":"https:\/\/feuerwehr-mupperg.de\/index.php?rest_route=\/wp\/v2\/pages\/87\/revisions"}],"predecessor-version":[{"id":1522,"href":"https:\/\/feuerwehr-mupperg.de\/index.php?rest_route=\/wp\/v2\/pages\/87\/revisions\/1522"}],"wp:attachment":[{"href":"https:\/\/feuerwehr-mupperg.de\/index.php?rest_route=%2Fwp%2Fv2%2Fmedia&parent=87"}],"curies":[{"name":"wp","href":"https:\/\/api.w.org\/{rel}","templated":true}]}}