{"id":90,"date":"2023-02-10T10:04:42","date_gmt":"2023-02-10T10:04:42","guid":{"rendered":"http:\/\/feuerwehr-mupperg.de\/?page_id=90"},"modified":"2025-09-27T09:54:01","modified_gmt":"2025-09-27T09:54:01","slug":"der-vorstand","status":"publish","type":"page","link":"https:\/\/feuerwehr-mupperg.de\/?page_id=90","title":{"rendered":"Der Vorstand"},"content":{"rendered":"\n<p><strong>Der Vorstand, Kopf und Herz des Vereins.<\/strong><\/p>\n\n\n\n<p>Am 26. September 2025 wurde unsere neuer Vorstand ins Amt gew\u00e4hlt. Neben Andrea Beckert, die 10 Jahren lang die Funktion der Schriftf\u00fchrerin begleitete, verabschiedete sich auch Kassenwartin Bianka  R\u00e4der sowie der Vertreter der Alters- und Ehrenabteilung Bernd Motschmann. Ihnen allen geb\u00fchrt unser Dank f\u00fcr ihre erfolgreiche Arbeit. Weiterhin im Vorstand bleibt unsere 1. Vorstand Andreas Kob. Zur\u00fcck im Vorstand ist unser langj\u00e4hrige 1. Vorsitzender Jens Feick. Wie hei\u00dft es so sch\u00f6n: was gut ist, kommt wieder.  \ud83d\ude09<\/p>\n\n\n\n<p><strong>Der neue Vorstand und seine Vertreter:<\/strong><\/p>\n\n\n\n<p>\u2022 1. Vorsitzender: Andreas Kob<\/p>\n\n\n\n<p>\u2022 2. Vorsitzender: Kevin Liebmann<\/p>\n\n\n\n<p>\u2022 3. Vorsitzender: Jens Feick<\/p>\n\n\n\n<p>\u2022 1. Kassenwart: Sven Rosenbauer<\/p>\n\n\n\n<p>\u2022 2. Kassenwartin: Carmen Kretschmer<\/p>\n\n\n\n<p>\u2022 Schriftf\u00fchrer: Rolf Heublein<\/p>\n\n\n\n<p>\u2022 Vertreterin der Alters- und Ehrenabteilung: Maria Zorn<\/p>\n\n\n\n<p class=\"has-white-color has-text-color\">.<\/p>\n\n\n\n<p class=\"has-white-color has-text-color\">..&#8212;-<\/p>\n\n\n\n<figure class=\"wp-block-image size-large\"><img fetchpriority=\"high\" decoding=\"async\" width=\"1024\" height=\"729\" src=\"https:\/\/feuerwehr-mupperg.de\/wp-content\/uploads\/2025\/09\/IMG_1408-1024x729.jpg\" alt=\"\" class=\"wp-image-1764\" srcset=\"https:\/\/feuerwehr-mupperg.de\/wp-content\/uploads\/2025\/09\/IMG_1408-1024x729.jpg 1024w, https:\/\/feuerwehr-mupperg.de\/wp-content\/uploads\/2025\/09\/IMG_1408-300x213.jpg 300w, https:\/\/feuerwehr-mupperg.de\/wp-content\/uploads\/2025\/09\/IMG_1408-768x547.jpg 768w, https:\/\/feuerwehr-mupperg.de\/wp-content\/uploads\/2025\/09\/IMG_1408-1536x1093.jpg 1536w, https:\/\/feuerwehr-mupperg.de\/wp-content\/uploads\/2025\/09\/IMG_1408-2048x1457.jpg 2048w\" sizes=\"(max-width: 1024px) 100vw, 1024px\" \/><\/figure>\n\n\n\n<p>Der aktuelle Vorstand: (oben) 1. Vorsitzender Andreas Kob, 2. Vorsitzender Kevin Liebmann, 3. Vorsitzender Jens Feick, (unten) Schriftf\u00fchrer Rolf Heublein, 1. Kassenwart Sven Rosenbauer, 2. Kassenwartin Carmen Kretschmer  und die Vertreterin der Alters- und Ehrenabteilung Maria Zorn.<\/p>\n\n\n\n<p>In unregelm\u00e4\u00dfigen Abst\u00e4nden wird zu den Vorstandssitzungen eine weiteres Gremium des Vereins einberufen, die erweiterte Vorstandssitzung. Diese besteht aus den eigentlichen Vorstand, erg\u00e4nzt durch den Wehrf\u00fchrer, den Jugendwart,  den Ger\u00e4tewart sowie den Vertreter des Feuerwehrsport Teams.<\/p>\n\n\n\n<p><strong>Die zus\u00e4tzlichen <strong>Mitglieder<\/strong><\/strong> <strong>des<\/strong> <strong>erweiterten Vorstands:<\/strong><\/p>\n\n\n\n<p>\u2022 Wehrf\u00fchrer: Philip Heinicke<\/p>\n\n\n\n<p>\u2022 Jugendwart: Michael Oberender<\/p>\n\n\n\n<p>\u2022 Ger\u00e4tewart: Fredy Rau<\/p>\n\n\n\n<p>\u2022 Vertreter des Feuerwehrsport-Teams: Frank T\u00e4ubert<\/p>\n\n\n\n<p class=\"has-white-color has-text-color\">.<\/p>\n\n\n\n<hr class=\"wp-block-separator has-alpha-channel-opacity\"\/>\n\n\n\n<p><strong>Vereinszweck (Auszug aus der aktuellen Satzung):<\/strong><\/p>\n\n\n\n<p>\u00a71 (1)<\/p>\n\n\n\n<p>Zweck des Vereins ist die Unterst\u00fctzung der Freiwilligen Feuerwehr Mupperg, insbesondere durch die Werbung und das Stellen von Einsatzkr\u00e4ften. Dabei verfolg er ausschlie\u00dflich und unmittelbar gemeinn\u00fctzige Zwecke im Sinne des Abschnitts &#8221; Steuerbeg\u00fcnstigte Zwecke &#8221; der Abgabenordnung.<\/p>\n\n\n\n<p>\u00a71 (2)<\/p>\n\n\n\n<p>Der Verein ist selbstlos t\u00e4tig, er verfolgt nicht in erster Linie eigenwirtschaftliche Zwecke. Mittel des Vereins d\u00fcrfen nur f\u00fcr die satzungsm\u00e4\u00dfigen Zwecke verwendet werden. Die Mitglieder erhalten keine Gewinnanteile und in ihrer Eigenschaft als Mitglied auch keine sonstigen Zuwendungen aus Vereinsmitteln. Es darf keine Person durch Verwaltungsausgaben, die den Zwecken des Vereins fremd sind, oder durch unverh\u00e4ltnism\u00e4\u00dfig hohe Verg\u00fctungen beg\u00fcnstigt werden.<\/p>\n\n\n\n<p>\u00a71 (3)<\/p>\n\n\n\n<p>Die Vereins\u00e4mter sind Ehren\u00e4mter.<\/p>\n\n\n\n<hr class=\"wp-block-separator has-alpha-channel-opacity\"\/>\n\n\n\n<p class=\"has-white-color has-text-color\">.<\/p>\n\n\n\n<p class=\"has-white-color has-text-color\"><\/p>\n\n\n<div class=\"wp-block-image is-style-default\">\n<figure class=\"aligncenter size-full is-resized\"><img decoding=\"async\" width=\"358\" height=\"358\" src=\"http:\/\/feuerwehr-mupperg.de\/wp-content\/uploads\/2023\/02\/logo_web_2b.jpg\" alt=\"\" class=\"wp-image-929\" style=\"width:179px;height:179px\" srcset=\"https:\/\/feuerwehr-mupperg.de\/wp-content\/uploads\/2023\/02\/logo_web_2b.jpg 358w, https:\/\/feuerwehr-mupperg.de\/wp-content\/uploads\/2023\/02\/logo_web_2b-300x300.jpg 300w, https:\/\/feuerwehr-mupperg.de\/wp-content\/uploads\/2023\/02\/logo_web_2b-150x150.jpg 150w\" sizes=\"(max-width: 358px) 100vw, 358px\" \/><\/figure><\/div>\n\n\n<p class=\"has-text-align-center\">Feuerwehrverein Mupperg e.V.<\/p>\n","protected":false},"excerpt":{"rendered":"<p>Der Vorstand, Kopf und Herz des Vereins. Am 26. September 2025 wurde unsere neuer Vorstand ins Amt gew\u00e4hlt. Neben Andrea Beckert, die 10 Jahren lang die Funktion der Schriftf\u00fchrerin begleitete, [&hellip;]<\/p>\n","protected":false},"author":1,"featured_media":0,"parent":0,"menu_order":0,"comment_status":"closed","ping_status":"closed","template":"","meta":{"footnotes":""},"yoast_head":"<!-- This site is optimized with the Yoast SEO plugin v23.5 - https:\/\/yoast.com\/wordpress\/plugins\/seo\/ -->\n<title>Der Vorstand -<\/title>\n<meta name=\"robots\" content=\"index, follow, max-snippet:-1, max-image-preview:large, max-video-preview:-1\" \/>\n<link rel=\"canonical\" href=\"https:\/\/feuerwehr-mupperg.de\/?page_id=90\" \/>\n<meta property=\"og:locale\" content=\"de_DE\" \/>\n<meta property=\"og:type\" content=\"article\" \/>\n<meta property=\"og:title\" content=\"Der Vorstand -\" \/>\n<meta property=\"og:description\" content=\"Der Vorstand, Kopf und Herz des Vereins. Am 26. September 2025 wurde unsere neuer Vorstand ins Amt gew\u00e4hlt. Neben Andrea Beckert, die 10 Jahren lang die Funktion der Schriftf\u00fchrerin begleitete, [&hellip;]\" \/>\n<meta property=\"og:url\" content=\"https:\/\/feuerwehr-mupperg.de\/?page_id=90\" \/>\n<meta property=\"article:publisher\" content=\"https:\/\/www.facebook.com\/FFwMupperg\/?locale=de_DE\" \/>\n<meta property=\"article:modified_time\" content=\"2025-09-27T09:54:01+00:00\" \/>\n<meta property=\"og:image\" content=\"https:\/\/feuerwehr-mupperg.de\/wp-content\/uploads\/2025\/09\/IMG_1408-1024x729.jpg\" \/>\n<meta name=\"twitter:card\" content=\"summary_large_image\" \/>\n<meta name=\"twitter:label1\" content=\"Gesch\u00e4tzte Lesezeit\" \/>\n\t<meta name=\"twitter:data1\" content=\"3 Minuten\" \/>\n<script type=\"application\/ld+json\" class=\"yoast-schema-graph\">{\"@context\":\"https:\/\/schema.org\",\"@graph\":[{\"@type\":\"WebPage\",\"@id\":\"https:\/\/feuerwehr-mupperg.de\/?page_id=90\",\"url\":\"https:\/\/feuerwehr-mupperg.de\/?page_id=90\",\"name\":\"Der Vorstand -\",\"isPartOf\":{\"@id\":\"https:\/\/feuerwehr-mupperg.de\/#website\"},\"primaryImageOfPage\":{\"@id\":\"https:\/\/feuerwehr-mupperg.de\/?page_id=90#primaryimage\"},\"image\":{\"@id\":\"https:\/\/feuerwehr-mupperg.de\/?page_id=90#primaryimage\"},\"thumbnailUrl\":\"https:\/\/feuerwehr-mupperg.de\/wp-content\/uploads\/2025\/09\/IMG_1408-1024x729.jpg\",\"datePublished\":\"2023-02-10T10:04:42+00:00\",\"dateModified\":\"2025-09-27T09:54:01+00:00\",\"breadcrumb\":{\"@id\":\"https:\/\/feuerwehr-mupperg.de\/?page_id=90#breadcrumb\"},\"inLanguage\":\"de-DE\",\"potentialAction\":[{\"@type\":\"ReadAction\",\"target\":[\"https:\/\/feuerwehr-mupperg.de\/?page_id=90\"]}]},{\"@type\":\"ImageObject\",\"inLanguage\":\"de-DE\",\"@id\":\"https:\/\/feuerwehr-mupperg.de\/?page_id=90#primaryimage\",\"url\":\"https:\/\/feuerwehr-mupperg.de\/wp-content\/uploads\/2025\/09\/IMG_1408-scaled.jpg\",\"contentUrl\":\"https:\/\/feuerwehr-mupperg.de\/wp-content\/uploads\/2025\/09\/IMG_1408-scaled.jpg\",\"width\":2560,\"height\":1822},{\"@type\":\"BreadcrumbList\",\"@id\":\"https:\/\/feuerwehr-mupperg.de\/?page_id=90#breadcrumb\",\"itemListElement\":[{\"@type\":\"ListItem\",\"position\":1,\"name\":\"Startseite\",\"item\":\"https:\/\/feuerwehr-mupperg.de\/\"},{\"@type\":\"ListItem\",\"position\":2,\"name\":\"Der Vorstand\"}]},{\"@type\":\"WebSite\",\"@id\":\"https:\/\/feuerwehr-mupperg.de\/#website\",\"url\":\"https:\/\/feuerwehr-mupperg.de\/\",\"name\":\"feuerwehr-mupperg.de\",\"description\":\"\",\"publisher\":{\"@id\":\"https:\/\/feuerwehr-mupperg.de\/#organization\"},\"potentialAction\":[{\"@type\":\"SearchAction\",\"target\":{\"@type\":\"EntryPoint\",\"urlTemplate\":\"https:\/\/feuerwehr-mupperg.de\/?s={search_term_string}\"},\"query-input\":{\"@type\":\"PropertyValueSpecification\",\"valueRequired\":true,\"valueName\":\"search_term_string\"}}],\"inLanguage\":\"de-DE\"},{\"@type\":\"Organization\",\"@id\":\"https:\/\/feuerwehr-mupperg.de\/#organization\",\"name\":\"Feuerwehrverein Mupperg e.V.\",\"url\":\"https:\/\/feuerwehr-mupperg.de\/\",\"logo\":{\"@type\":\"ImageObject\",\"inLanguage\":\"de-DE\",\"@id\":\"https:\/\/feuerwehr-mupperg.de\/#\/schema\/logo\/image\/\",\"url\":\"https:\/\/feuerwehr-mupperg.de\/wp-content\/uploads\/2023\/02\/cropped-cropped-logo_web_b-1.jpg\",\"contentUrl\":\"https:\/\/feuerwehr-mupperg.de\/wp-content\/uploads\/2023\/02\/cropped-cropped-logo_web_b-1.jpg\",\"width\":300,\"height\":421,\"caption\":\"Feuerwehrverein Mupperg e.V.\"},\"image\":{\"@id\":\"https:\/\/feuerwehr-mupperg.de\/#\/schema\/logo\/image\/\"},\"sameAs\":[\"https:\/\/www.facebook.com\/FFwMupperg\/?locale=de_DE\"]}]}<\/script>\n<!-- \/ Yoast SEO plugin. -->","yoast_head_json":{"title":"Der Vorstand -","robots":{"index":"index","follow":"follow","max-snippet":"max-snippet:-1","max-image-preview":"max-image-preview:large","max-video-preview":"max-video-preview:-1"},"canonical":"https:\/\/feuerwehr-mupperg.de\/?page_id=90","og_locale":"de_DE","og_type":"article","og_title":"Der Vorstand -","og_description":"Der Vorstand, Kopf und Herz des Vereins. Am 26. September 2025 wurde unsere neuer Vorstand ins Amt gew\u00e4hlt. Neben Andrea Beckert, die 10 Jahren lang die Funktion der Schriftf\u00fchrerin begleitete, [&hellip;]","og_url":"https:\/\/feuerwehr-mupperg.de\/?page_id=90","article_publisher":"https:\/\/www.facebook.com\/FFwMupperg\/?locale=de_DE","article_modified_time":"2025-09-27T09:54:01+00:00","og_image":[{"url":"https:\/\/feuerwehr-mupperg.de\/wp-content\/uploads\/2025\/09\/IMG_1408-1024x729.jpg"}],"twitter_card":"summary_large_image","twitter_misc":{"Gesch\u00e4tzte Lesezeit":"3 Minuten"},"schema":{"@context":"https:\/\/schema.org","@graph":[{"@type":"WebPage","@id":"https:\/\/feuerwehr-mupperg.de\/?page_id=90","url":"https:\/\/feuerwehr-mupperg.de\/?page_id=90","name":"Der Vorstand -","isPartOf":{"@id":"https:\/\/feuerwehr-mupperg.de\/#website"},"primaryImageOfPage":{"@id":"https:\/\/feuerwehr-mupperg.de\/?page_id=90#primaryimage"},"image":{"@id":"https:\/\/feuerwehr-mupperg.de\/?page_id=90#primaryimage"},"thumbnailUrl":"https:\/\/feuerwehr-mupperg.de\/wp-content\/uploads\/2025\/09\/IMG_1408-1024x729.jpg","datePublished":"2023-02-10T10:04:42+00:00","dateModified":"2025-09-27T09:54:01+00:00","breadcrumb":{"@id":"https:\/\/feuerwehr-mupperg.de\/?page_id=90#breadcrumb"},"inLanguage":"de-DE","potentialAction":[{"@type":"ReadAction","target":["https:\/\/feuerwehr-mupperg.de\/?page_id=90"]}]},{"@type":"ImageObject","inLanguage":"de-DE","@id":"https:\/\/feuerwehr-mupperg.de\/?page_id=90#primaryimage","url":"https:\/\/feuerwehr-mupperg.de\/wp-content\/uploads\/2025\/09\/IMG_1408-scaled.jpg","contentUrl":"https:\/\/feuerwehr-mupperg.de\/wp-content\/uploads\/2025\/09\/IMG_1408-scaled.jpg","width":2560,"height":1822},{"@type":"BreadcrumbList","@id":"https:\/\/feuerwehr-mupperg.de\/?page_id=90#breadcrumb","itemListElement":[{"@type":"ListItem","position":1,"name":"Startseite","item":"https:\/\/feuerwehr-mupperg.de\/"},{"@type":"ListItem","position":2,"name":"Der Vorstand"}]},{"@type":"WebSite","@id":"https:\/\/feuerwehr-mupperg.de\/#website","url":"https:\/\/feuerwehr-mupperg.de\/","name":"feuerwehr-mupperg.de","description":"","publisher":{"@id":"https:\/\/feuerwehr-mupperg.de\/#organization"},"potentialAction":[{"@type":"SearchAction","target":{"@type":"EntryPoint","urlTemplate":"https:\/\/feuerwehr-mupperg.de\/?s={search_term_string}"},"query-input":{"@type":"PropertyValueSpecification","valueRequired":true,"valueName":"search_term_string"}}],"inLanguage":"de-DE"},{"@type":"Organization","@id":"https:\/\/feuerwehr-mupperg.de\/#organization","name":"Feuerwehrverein Mupperg e.V.","url":"https:\/\/feuerwehr-mupperg.de\/","logo":{"@type":"ImageObject","inLanguage":"de-DE","@id":"https:\/\/feuerwehr-mupperg.de\/#\/schema\/logo\/image\/","url":"https:\/\/feuerwehr-mupperg.de\/wp-content\/uploads\/2023\/02\/cropped-cropped-logo_web_b-1.jpg","contentUrl":"https:\/\/feuerwehr-mupperg.de\/wp-content\/uploads\/2023\/02\/cropped-cropped-logo_web_b-1.jpg","width":300,"height":421,"caption":"Feuerwehrverein Mupperg e.V."},"image":{"@id":"https:\/\/feuerwehr-mupperg.de\/#\/schema\/logo\/image\/"},"sameAs":["https:\/\/www.facebook.com\/FFwMupperg\/?locale=de_DE"]}]}},"_links":{"self":[{"href":"https:\/\/feuerwehr-mupperg.de\/index.php?rest_route=\/wp\/v2\/pages\/90"}],"collection":[{"href":"https:\/\/feuerwehr-mupperg.de\/index.php?rest_route=\/wp\/v2\/pages"}],"about":[{"href":"https:\/\/feuerwehr-mupperg.de\/index.php?rest_route=\/wp\/v2\/types\/page"}],"author":[{"embeddable":true,"href":"https:\/\/feuerwehr-mupperg.de\/index.php?rest_route=\/wp\/v2\/users\/1"}],"replies":[{"embeddable":true,"href":"https:\/\/feuerwehr-mupperg.de\/index.php?rest_route=%2Fwp%2Fv2%2Fcomments&post=90"}],"version-history":[{"count":67,"href":"https:\/\/feuerwehr-mupperg.de\/index.php?rest_route=\/wp\/v2\/pages\/90\/revisions"}],"predecessor-version":[{"id":1787,"href":"https:\/\/feuerwehr-mupperg.de\/index.php?rest_route=\/wp\/v2\/pages\/90\/revisions\/1787"}],"wp:attachment":[{"href":"https:\/\/feuerwehr-mupperg.de\/index.php?rest_route=%2Fwp%2Fv2%2Fmedia&parent=90"}],"curies":[{"name":"wp","href":"https:\/\/api.w.org\/{rel}","templated":true}]}}